{"id":1892,"date":"2023-03-07T10:13:16","date_gmt":"2023-03-07T07:13:16","guid":{"rendered":"https:\/\/mufad.org.tr\/?page_id=1892"},"modified":"2025-10-13T13:17:10","modified_gmt":"2025-10-13T10:17:10","slug":"mufad-dergi-arsiv","status":"publish","type":"page","link":"https:\/\/mufad.org.tr\/en\/mufad-dergi-arsiv","title":{"rendered":"MUFAD Journal"},"content":{"rendered":"<div class=\"wpb-content-wrapper\"><div style=\"\" class=\"vc_row wpb_row vc_row-fluid\"><div class=\"row-inner\"><div class=\"wpb_column vc_column_container vc_col-sm-3\"><div class=\"vc_column-inner\"><div class=\"wpb_wrapper\">\n\t<div  class=\"wpb_single_image wpb_content_element vc_align_center wpb_content_element wpb_animate_when_almost_visible wpb_fadeIn fadeIn\">\n\t\t\n\t\t<figure class=\"wpb_wrapper vc_figure\">\n\t\t\t<div class=\"vc_single_image-wrapper vc_box_rounded  vc_box_border_grey\"><img loading=\"lazy\" decoding=\"async\" class=\"vc_single_image-img\" src=\"https:\/\/mufad.org.tr\/wp-content\/uploads\/2023\/03\/dergi-300x400.jpg\" width=\"300\" height=\"400\" alt=\"dergi\" title=\"dergi\" \/><\/div>\n\t\t<\/figure>\n\t<\/div>\n<\/div><\/div><\/div><div class=\"wpb_column vc_column_container vc_col-sm-9\"><div class=\"vc_column-inner\"><div class=\"wpb_wrapper\">\n\t<div class=\"wpb_text_column wpb_content_element\" >\n\t\t<div class=\"wpb_wrapper\">\n\t\t\t<p>The Journal of Accounting and Finance is an international peer-reviewed journal and is published quarterly.\n\nThe journal started to be published quarterly since January 1999. The journal joined TUBITAK-ULAKBIM (Social Sciences Database) since 2005, EBSCOHost since October 2009 and included in the Index Copernicus and ASOS Index since 2001. The journal is also included in the Proquest since February 2016 and SOBIAD database since 27 January 2017.<\/p>\n<p>Our journal, which started to be published quarterly in January 1999, started to be scanned by TUBITAK-ULAKB\u0130M (Social Sciences Database) as of January 2005 and EBSCOhost (Business Source Complete) as of October 2009 and our journal was included in the index copernicus and ASOS Index in 2011. Our journal has been scanned by ProQuest since February 2016 and by SOBIAD database since 27 January 2017. <strong>SOBIAD taraf\u0131ndan a\u00e7\u0131klanan <\/strong><a href=\"https:\/\/atif.sobiad.com\/index.jsp?modul=quartile\"><strong>2023 Quartile Dilimleri<\/strong><\/a><strong> sonu\u00e7lar\u0131na g\u00f6re dergimiz Q1&#8217;de yer alan dergi olarak ilan edilmi\u015ftir. Dergimiz <a href=\"https:\/\/drive.google.com\/file\/d\/1-Z6lPzLw1160JI7gjjbr98t0-WM0Pk8w\/view?usp=sharing\">2024 y\u0131l\u0131nda a\u00e7\u0131klanan Quartile Dilimleri sonu\u00e7lar\u0131na<\/a> g\u00f6re Q1 s\u0131ralamas\u0131n\u0131 korumakla, bu s\u0131ralamada 2. S\u0131rada yer almaktad\u0131r. <\/strong><\/p>\n<p><strong><img fetchpriority=\"high\" decoding=\"async\" class=\"alignnone size-large wp-image-4002\" src=\"https:\/\/mufad.org.tr\/wp-content\/uploads\/2025\/10\/2023_2024-sobiad-quartile-1024x805.jpg\" alt=\"\" width=\"900\" height=\"708\" srcset=\"https:\/\/mufad.org.tr\/wp-content\/uploads\/2025\/10\/2023_2024-sobiad-quartile-1024x805.jpg 1024w, https:\/\/mufad.org.tr\/wp-content\/uploads\/2025\/10\/2023_2024-sobiad-quartile-300x236.jpg 300w, https:\/\/mufad.org.tr\/wp-content\/uploads\/2025\/10\/2023_2024-sobiad-quartile-768x604.jpg 768w, https:\/\/mufad.org.tr\/wp-content\/uploads\/2025\/10\/2023_2024-sobiad-quartile-15x12.jpg 15w, https:\/\/mufad.org.tr\/wp-content\/uploads\/2025\/10\/2023_2024-sobiad-quartile.jpg 1256w\" sizes=\"(max-width: 900px) 100vw, 900px\" \/>ISSN:<\/strong>\u00a02146-3042<br \/>\n<strong>Ba\u015flang\u0131\u00e7:<\/strong> 2005<br \/>\n<strong>Release Range:\u00a0<\/strong>1 in 3 months<br \/>\n<strong>Publisher:\u00a0<\/strong>Association of Accounting And Finance Academicians<\/p>\n<p><a class=\"button\" href=\"https:\/\/dergipark.org.tr\/tr\/pub\/mufad\">Click here to go to the main page of DergiPark Journal of Accounting and Finance.<\/a><\/p>\n\n\t\t<\/div>\n\t<\/div>\n<\/div><\/div><\/div><\/div><\/div><div style=\"\" class=\"vc_row wpb_row vc_row-fluid\"><div class=\"row-inner\"><div class=\"wpb_column vc_column_container vc_col-sm-12\"><div class=\"vc_column-inner\"><div class=\"wpb_wrapper\"><div class=\"vc_separator wpb_content_element vc_separator_align_center vc_sep_width_100 vc_sep_pos_align_center vc_separator_no_text vc_sep_color_grey vc_custom_1678687115887 wpb_content_element  vc_custom_1678687115887 wpb_content_element\" ><span class=\"vc_sep_holder vc_sep_holder_l\"><span class=\"vc_sep_line\"><\/span><\/span><span class=\"vc_sep_holder vc_sep_holder_r\"><span class=\"vc_sep_line\"><\/span><\/span>\n<\/div><\/div><\/div><\/div><\/div><\/div><div style=\"\" class=\"vc_row wpb_row vc_row-fluid\"><div class=\"row-inner\"><div class=\"wpb_column vc_column_container vc_col-sm-6\"><div class=\"vc_column-inner\"><div class=\"wpb_wrapper\">\n\t<div class=\"wpb_text_column wpb_content_element\" >\n\t\t<div class=\"wpb_wrapper\">\n\t\t\t<ul>\n<li><a href=\"https:\/\/dergipark.org.tr\/tr\/pub\/mufad\/issue\/93653\">Say\u0131 107 &#8211; Temmuz 2025 (9 Makale)<\/a><\/li>\n<li><a href=\"https:\/\/dergipark.org.tr\/tr\/pub\/mufad\/issue\/91202\">Say\u0131 106 &#8211; Nisan 2025 (9 Makale)<\/a><\/li>\n<li><a href=\"https:\/\/dergipark.org.tr\/tr\/pub\/mufad\/issue\/90160\">Say\u0131 105 &#8211; Ocak 2025 (7 makale)<\/a><\/li>\n<li><a href=\"https:\/\/dergipark.org.tr\/tr\/pub\/mufad\/issue\/87732\">Say\u0131 104 &#8211; Ekim 2024 (6 makale)<\/a><\/li>\n<li><a href=\"https:\/\/dergipark.org.tr\/tr\/pub\/mufad\/issue\/86137\">Say\u0131 103 &#8211; Temmuz 2024 (7 makale)<\/a><\/li>\n<li><a href=\"https:\/\/dergipark.org.tr\/tr\/pub\/mufad\/issue\/84061\">Say\u0131 102 &#8211; Nisan 2024<\/a> (6 Makale)<\/li>\n<li><a href=\"https:\/\/dergipark.org.tr\/tr\/pub\/mufad\/issue\/82674\">Say\u0131 101 &#8211; Ocak 2024<\/a> (6 Makale)<\/li>\n<li><a href=\"https:\/\/dergipark.org.tr\/tr\/pub\/mufad\/issue\/80369\" target=\"_blank\" rel=\"noopener\">Say\u0131 100 &#8211; Ekim 2023<\/a> (10 Makale)<\/li>\n<li><a href=\"https:\/\/dergipark.org.tr\/tr\/pub\/mufad\/issue\/78906\" target=\"_blank\" rel=\"noopener\">Say\u0131 99 &#8211; Temmuz 2023<\/a> (11 Makale)<\/li>\n<li><a href=\"https:\/\/dergipark.org.tr\/tr\/pub\/mufad\/issue\/76694\" target=\"_blank\" rel=\"noopener\">Say\u0131 98 &#8211; Nisan 2023<\/a> (10 Makale)<\/li>\n<li><a href=\"https:\/\/dergipark.org.tr\/en\/pub\/mufad\/issue\/75216\" target=\"_blank\" rel=\"noopener\">Issue 97 \u2013 January 2023<\/a> (8 Makale)<\/li>\n<li><a href=\"https:\/\/dergipark.org.tr\/en\/pub\/mufad\/issue\/73058\" target=\"_blank\" rel=\"noopener\">Issue 96 \u2013 October 2022<\/a> (8 Makale)<\/li>\n<li><a href=\"https:\/\/dergipark.org.tr\/en\/pub\/mufad\/issue\/71293\" target=\"_blank\" rel=\"noopener\">Issue 95 \u2013 July 2022<\/a> (9 Makale)<\/li>\n<li><a href=\"https:\/\/dergipark.org.tr\/en\/pub\/mufad\/issue\/69465\" target=\"_blank\" rel=\"noopener\">Issue 94 \u2013 April 2022<\/a> (12 Makale)<\/li>\n<li><a href=\"https:\/\/dergipark.org.tr\/en\/pub\/mufad\/issue\/68032\" target=\"_blank\" rel=\"noopener\">Issue 93 \u2013 January 2022<\/a> (8 Makale)<\/li>\n<li><a href=\"https:\/\/dergipark.org.tr\/en\/pub\/mufad\/issue\/65174\" target=\"_blank\" rel=\"noopener\">Issue 92 \u2013 October 2022<\/a> (12 Makale)<\/li>\n<li><a href=\"https:\/\/dergipark.org.tr\/en\/pub\/mufad\/issue\/64484\" target=\"_blank\" rel=\"noopener\">Special Issue \u2013 August 2021<\/a> (29 Makale)<\/li>\n<li><a href=\"https:\/\/dergipark.org.tr\/en\/pub\/mufad\/issue\/63122\" target=\"_blank\" rel=\"noopener\">Issue 91 \u2013 July 2021<\/a> (11 Makale)<\/li>\n<li><a href=\"https:\/\/dergipark.org.tr\/en\/pub\/mufad\/issue\/61239\" target=\"_blank\" rel=\"noopener\">Issue 90 \u2013 April 2021<\/a> (12 Makale)<\/li>\n<li><a href=\"https:\/\/dergipark.org.tr\/en\/pub\/mufad\/issue\/59362\" target=\"_blank\" rel=\"noopener\">Issue 89 \u2013 January 2021<\/a> (15 Makale)<\/li>\n<li><a href=\"https:\/\/dergipark.org.tr\/en\/pub\/mufad\/issue\/56942\" target=\"_blank\" rel=\"noopener\">Issue 88 \u2013 October 2020<\/a> (18 Makale)<\/li>\n<li><a href=\"https:\/\/dergipark.org.tr\/en\/pub\/mufad\/issue\/55080\" target=\"_blank\" rel=\"noopener\">Issue 87 \u2013 July 2020<\/a> (18 Makale)<\/li>\n<li><a href=\"https:\/\/dergipark.org.tr\/en\/pub\/mufad\/issue\/53392\" target=\"_blank\" rel=\"noopener\">Issue 86 \u2013 April 2020<\/a> (16 Makale)<\/li>\n<li><a href=\"https:\/\/dergipark.org.tr\/en\/pub\/mufad\/issue\/51808\" target=\"_blank\" rel=\"noopener\">Issue 85 \u2013 January 2020<\/a> (18 Makale)<\/li>\n<li><a href=\"https:\/\/dergipark.org.tr\/en\/pub\/mufad\/issue\/49041\" target=\"_blank\" rel=\"noopener\">Issue 84 \u2013 October 2019<\/a> (17 Makale)<\/li>\n<li><a href=\"https:\/\/dergipark.org.tr\/en\/pub\/mufad\/issue\/47907\" target=\"_blank\" rel=\"noopener\">Special Issue \u2013 August 2019<\/a> (41 Makale)<\/li>\n<li><a href=\"https:\/\/dergipark.org.tr\/en\/pub\/mufad\/issue\/45983\" target=\"_blank\" rel=\"noopener\">Issue 83 \u2013 July 2019<\/a> (16 Makale)<\/li>\n<li><a href=\"https:\/\/dergipark.org.tr\/en\/pub\/mufad\/issue\/43687\" target=\"_blank\" rel=\"noopener\">Issue 82 \u2013 April 2019<\/a> (16 Makale)<\/li>\n<li><a href=\"https:\/\/dergipark.org.tr\/en\/pub\/mufad\/issue\/42384\" target=\"_blank\" rel=\"noopener\">Issue 81 \u2013 January 2019<\/a> (16 Makale)<\/li>\n<li><a href=\"https:\/\/dergipark.org.tr\/en\/pub\/mufad\/issue\/39476\" target=\"_blank\" rel=\"noopener\">Issue 80 \u2013 October 2018<\/a> (14 Makale)<\/li>\n<li><a href=\"https:\/\/dergipark.org.tr\/en\/pub\/mufad\/issue\/37779\" target=\"_blank\" rel=\"noopener\">Issue 79 \u2013 July 2018<\/a> (12 Makale)<\/li>\n<li><a href=\"https:\/\/dergipark.org.tr\/en\/pub\/mufad\/issue\/36426\" target=\"_blank\" rel=\"noopener\">Issue 78 \u2013 April 2018<\/a> (16 Makale)<\/li>\n<li><a href=\"https:\/\/dergipark.org.tr\/en\/pub\/mufad\/issue\/35243\" target=\"_blank\" rel=\"noopener\">Issue 77 \u2013 January 2018<\/a> (12 Makale)<\/li>\n<li><a href=\"https:\/\/dergipark.org.tr\/en\/pub\/mufad\/issue\/32798\" target=\"_blank\" rel=\"noopener\">Issue 76 \u2013 October 2017<\/a> (13 Makale)<\/li>\n<li><a href=\"https:\/\/dergipark.org.tr\/en\/pub\/mufad\/issue\/35846\" target=\"_blank\" rel=\"noopener\">Special Issue \u2013 July 2017<\/a> (1 Makale)<\/li>\n<li><a href=\"https:\/\/dergipark.org.tr\/en\/pub\/mufad\/issue\/30717\" target=\"_blank\" rel=\"noopener\">Issue 75 \u2013 July 2017<\/a> (13 Makale)<\/li>\n<li><a href=\"https:\/\/dergipark.org.tr\/en\/pub\/mufad\/issue\/35676\" target=\"_blank\" rel=\"noopener\">Issue 74 \u2013 April 2017<\/a> (11 Makale)<\/li>\n<li><a href=\"https:\/\/dergipark.org.tr\/en\/pub\/mufad\/issue\/35670\" target=\"_blank\" rel=\"noopener\">Issue 73 \u2013 January 2017<\/a> (14 Makale)<\/li>\n<li><a href=\"https:\/\/dergipark.org.tr\/en\/pub\/mufad\/issue\/35669\" target=\"_blank\" rel=\"noopener\">Issue 72 \u2013 October 2016<\/a> (11 Makale)<\/li>\n<li><a href=\"https:\/\/dergipark.org.tr\/en\/pub\/mufad\/issue\/35667\" target=\"_blank\" rel=\"noopener\">Issue 71 \u2013 July 2016<\/a> (11 Makale)<\/li>\n<li><a href=\"https:\/\/dergipark.org.tr\/en\/pub\/mufad\/issue\/35665\" target=\"_blank\" rel=\"noopener\">Issue 70 \u2013 April 2016<\/a> (12 Makale)<\/li>\n<li><a href=\"https:\/\/dergipark.org.tr\/en\/pub\/mufad\/issue\/35664\" target=\"_blank\" rel=\"noopener\">Issue 69 \u2013 January 2016<\/a> (10 Makale)<\/li>\n<li><a href=\"https:\/\/dergipark.org.tr\/en\/pub\/mufad\/issue\/35661\" target=\"_blank\" rel=\"noopener\">Issue 68 \u2013 October 2015<\/a> (11 Makale)<\/li>\n<li><a href=\"https:\/\/dergipark.org.tr\/en\/pub\/mufad\/issue\/35658\" target=\"_blank\" rel=\"noopener\">Issue 67 \u2013 July 2015<\/a> (12 Makale)<\/li>\n<li><a href=\"https:\/\/dergipark.org.tr\/en\/pub\/mufad\/issue\/35654\" target=\"_blank\" rel=\"noopener\">Issue 66 \u2013 April 2015<\/a> (11 Makale)<\/li>\n<li><a href=\"https:\/\/dergipark.org.tr\/en\/pub\/mufad\/issue\/35652\" target=\"_blank\" rel=\"noopener\">Issue 65 \u2013 January 2015<\/a> (10 Makale)<\/li>\n<li><a href=\"https:\/\/dergipark.org.tr\/en\/pub\/mufad\/issue\/35651\" target=\"_blank\" rel=\"noopener\">Issue 64 \u2013 October 2014<\/a> (11 Makale)<\/li>\n<li><a href=\"https:\/\/dergipark.org.tr\/en\/pub\/mufad\/issue\/35650\" target=\"_blank\" rel=\"noopener\">Issue 63 \u2013 July 2014<\/a> (11 Makale)<\/li>\n<li><a href=\"https:\/\/dergipark.org.tr\/en\/pub\/mufad\/issue\/35649\" target=\"_blank\" rel=\"noopener\">Issue 62 \u2013 April 2014<\/a> (9 Makale)<\/li>\n<li><a href=\"https:\/\/dergipark.org.tr\/en\/pub\/mufad\/issue\/35647\" target=\"_blank\" rel=\"noopener\">Issue 61 \u2013 January 2014<\/a> (8 Makale)<\/li>\n<li><a href=\"https:\/\/dergipark.org.tr\/en\/pub\/mufad\/issue\/35646\" target=\"_blank\" rel=\"noopener\">Issue 60 \u2013 October 2013<\/a> (9 Makale)<\/li>\n<li><a href=\"https:\/\/dergipark.org.tr\/en\/pub\/mufad\/issue\/35644\" target=\"_blank\" rel=\"noopener\">Issue 59 \u2013 July 2013<\/a> (11 Makale)<\/li>\n<li><a href=\"https:\/\/dergipark.org.tr\/en\/pub\/mufad\/issue\/35643\" target=\"_blank\" rel=\"noopener\">Issue 58 \u2013 April 2013<\/a> (11 Makale)<\/li>\n<li><a href=\"https:\/\/dergipark.org.tr\/en\/pub\/mufad\/issue\/35637\" target=\"_blank\" rel=\"noopener\">Issue 57 \u2013 January 2013<\/a> (10 Makale)<\/li>\n<li><a href=\"https:\/\/dergipark.org.tr\/en\/pub\/mufad\/issue\/35675\" target=\"_blank\" rel=\"noopener\">Issue 56 \u2013 October 2012<\/a> (11 Makale)<\/li>\n<li><a href=\"https:\/\/dergipark.org.tr\/en\/pub\/mufad\/issue\/35635\" target=\"_blank\" rel=\"noopener\">Issue 55 \u2013 July 2012<\/a> (11 Makale)<\/li>\n<li><a href=\"https:\/\/dergipark.org.tr\/en\/pub\/mufad\/issue\/35634\" target=\"_blank\" rel=\"noopener\">Issue 54 \u2013 April 2012<\/a> (10 Makale)<\/li>\n<li><a href=\"https:\/\/dergipark.org.tr\/en\/pub\/mufad\/issue\/35632\" target=\"_blank\" rel=\"noopener\">Issue 53 \u2013 January 2012\u00a0<\/a> (10 Makale)<\/li>\n<li><a href=\"https:\/\/dergipark.org.tr\/en\/pub\/mufad\/issue\/35631\" target=\"_blank\" rel=\"noopener\">Issue 52 \u2013 October 2011\u00a0<\/a> (10 Makale)<\/li>\n<li><a href=\"https:\/\/dergipark.org.tr\/en\/pub\/mufad\/issue\/35630\" target=\"_blank\" rel=\"noopener\">Issue 51 \u2013 July 2011<\/a> (11 Makale)<\/li>\n<li><a href=\"https:\/\/dergipark.org.tr\/en\/pub\/mufad\/issue\/35629\" target=\"_blank\" rel=\"noopener\">Issue 50 \u2013 April 2011<\/a> (11 Makale)<\/li>\n<li><a href=\"https:\/\/dergipark.org.tr\/en\/pub\/mufad\/issue\/35674\" target=\"_blank\" rel=\"noopener\">Issue 49 \u2013 January 2011<\/a> (12 Makale)<\/li>\n<li><a href=\"https:\/\/dergipark.org.tr\/en\/pub\/mufad\/issue\/35627\" target=\"_blank\" rel=\"noopener\">Issue 48 \u2013 October 2010<\/a> (19 Makale)<\/li>\n<li><a href=\"https:\/\/dergipark.org.tr\/en\/pub\/mufad\/issue\/35626\" target=\"_blank\" rel=\"noopener\">Issue 47 \u2013 July 2010<\/a> (18 Makale)<\/li>\n<li><a href=\"https:\/\/dergipark.org.tr\/en\/pub\/mufad\/issue\/35625\" target=\"_blank\" rel=\"noopener\">Issue 46 \u2013 April 2010<\/a> (20 Makale)<\/li>\n<li><a href=\"https:\/\/dergipark.org.tr\/en\/pub\/mufad\/issue\/35624\" target=\"_blank\" rel=\"noopener\">Issue 45 \u2013 January 2010<\/a> (19 Makale)<\/li>\n<li><a href=\"https:\/\/dergipark.org.tr\/en\/pub\/mufad\/issue\/35623\" target=\"_blank\" rel=\"noopener\">Issue 44 \u2013 October 2009<\/a> (19 Makale)<\/li>\n<li><a href=\"https:\/\/dergipark.org.tr\/en\/pub\/mufad\/issue\/35673\" target=\"_blank\" rel=\"noopener\">Issue 43 \u2013 July 2009<\/a> (18 Makale)<\/li>\n<li><a href=\"https:\/\/dergipark.org.tr\/en\/pub\/mufad\/issue\/35618\" target=\"_blank\" rel=\"noopener\">Issue 42 \u2013 April 2009<\/a> (18 Makale)<\/li>\n<li><a href=\"https:\/\/dergipark.org.tr\/en\/pub\/mufad\/issue\/35617\" target=\"_blank\" rel=\"noopener\">Issue 41 \u2013 January 2009<\/a> (19 Makale)<\/li>\n<li><a href=\"https:\/\/dergipark.org.tr\/en\/pub\/mufad\/issue\/35615\" target=\"_blank\" rel=\"noopener\">Issue 40 \u2013 October 2008<\/a> (17 Makale)<\/li>\n<li><a href=\"https:\/\/dergipark.org.tr\/en\/pub\/mufad\/issue\/35613\" target=\"_blank\" rel=\"noopener\">Issue 39 \u2013 July 2008<\/a> (16 Makale)<\/li>\n<li><a href=\"https:\/\/dergipark.org.tr\/en\/pub\/mufad\/issue\/35612\" target=\"_blank\" rel=\"noopener\">Issue 38 \u2013 April 2008<\/a> (20 Makale)<\/li>\n<li><a href=\"https:\/\/dergipark.org.tr\/en\/pub\/mufad\/issue\/35611\" target=\"_blank\" rel=\"noopener\">Issue 37 \u2013 January 2008<\/a> (19 Makale)<\/li>\n<li><a href=\"https:\/\/dergipark.org.tr\/en\/pub\/mufad\/issue\/35607\" target=\"_blank\" rel=\"noopener\">Issue 36 \u2013 October 2007<\/a> (20 Makale)<\/li>\n<li><a href=\"https:\/\/dergipark.org.tr\/en\/pub\/mufad\/issue\/35604\" target=\"_blank\" rel=\"noopener\">Issue 35 \u2013 July 2007<\/a> (18 Makale)<\/li>\n<li><a href=\"https:\/\/dergipark.org.tr\/en\/pub\/mufad\/issue\/35603\" target=\"_blank\" rel=\"noopener\">Issue 34 \u2013 April 2007<\/a> (19 Makale)<\/li>\n<li><a href=\"https:\/\/dergipark.org.tr\/en\/pub\/mufad\/issue\/35602\" target=\"_blank\" rel=\"noopener\">Issue 33 \u2013 January 2007<\/a> (19 Makale)<\/li>\n<li><a href=\"https:\/\/dergipark.org.tr\/en\/pub\/mufad\/issue\/35601\" target=\"_blank\" rel=\"noopener\">Issue 32 \u2013 October 2006<\/a> (17 Makale)<\/li>\n<li><a href=\"https:\/\/dergipark.org.tr\/en\/pub\/mufad\/issue\/35600\" target=\"_blank\" rel=\"noopener\">Issue 31 \u2013 July 2006<\/a> (21 Makale)<\/li>\n<li><a href=\"https:\/\/dergipark.org.tr\/en\/pub\/mufad\/issue\/35672\" target=\"_blank\" rel=\"noopener\">Issue 30 \u2013 April 2006<\/a> (19 Makale)<\/li>\n<li><a href=\"https:\/\/dergipark.org.tr\/en\/pub\/mufad\/issue\/35598\" target=\"_blank\" rel=\"noopener\">Issue 29 \u2013 January 2006<\/a> (19 Makale)<\/li>\n<li><a href=\"https:\/\/dergipark.org.tr\/en\/pub\/mufad\/issue\/35597\" target=\"_blank\" rel=\"noopener\">Issue 28 \u2013 October 2005<\/a> (21 Makale)<\/li>\n<li><a href=\"https:\/\/dergipark.org.tr\/en\/pub\/mufad\/issue\/35596\" target=\"_blank\" rel=\"noopener\">Issue 27 \u2013 July 2005<\/a> (19 Makale)<\/li>\n<li><a href=\"https:\/\/dergipark.org.tr\/en\/pub\/mufad\/issue\/35595\" target=\"_blank\" rel=\"noopener\">Issue 26 \u2013 April 2005<\/a> (21 Makale)<\/li>\n<li><a href=\"https:\/\/dergipark.org.tr\/en\/pub\/mufad\/issue\/35594\" target=\"_blank\" rel=\"noopener\">Issue 25 \u2013 January 2005<\/a> (21 Makale)<\/li>\n<\/ul>\n\n\t\t<\/div>\n\t<\/div>\n<\/div><\/div><\/div><div class=\"wpb_column vc_column_container vc_col-sm-6\"><div class=\"vc_column-inner\"><div class=\"wpb_wrapper\"><\/div><\/div><\/div><\/div><\/div>\n<\/div>","protected":false},"excerpt":{"rendered":"T\u00dcB\u0130TAK ULAKB\u0130M \u00e7at\u0131s\u0131 alt\u0131nda yay\u0131nlanan\u00a0Muhasebe ve Finansman \u00d6\u011fretim \u00dcyeleri Derne\u011fi (MUFAD) yay\u0131n\u0131 olan Muhasebe ve Finansman Dergisi (The Journal of Accounting and Finance) alan endeksleri kapsam\u0131nda taranan ve \u00fc\u00e7 ayda bir yay\u0131mlanan uluslararas\u0131 hakemli bir dergidir. Ocak 1999 tarihinde 3 ayl\u0131k periyodlarla yay\u0131mlanmaya ba\u015flanan Dergimiz, 2005 Ocak say\u0131s\u0131ndan itibaren TUB\u0130TAK-ULAKB\u0130M (Sosyal Bilimler Veri Taban\u0131), 2009 [...]","protected":false},"author":1,"featured_media":0,"parent":0,"menu_order":0,"comment_status":"closed","ping_status":"closed","template":"","meta":{"_acf_changed":false,"_seopress_robots_primary_cat":"","_seopress_titles_title":"","_seopress_titles_desc":"","_seopress_robots_index":"","_seopress_analysis_target_kw":"","footnotes":""},"class_list":["post-1892","page","type-page","status-publish","hentry"],"acf":[],"_links":{"self":[{"href":"https:\/\/mufad.org.tr\/en\/wp-json\/wp\/v2\/pages\/1892","targetHints":{"allow":["GET"]}}],"collection":[{"href":"https:\/\/mufad.org.tr\/en\/wp-json\/wp\/v2\/pages"}],"about":[{"href":"https:\/\/mufad.org.tr\/en\/wp-json\/wp\/v2\/types\/page"}],"author":[{"embeddable":true,"href":"https:\/\/mufad.org.tr\/en\/wp-json\/wp\/v2\/users\/1"}],"replies":[{"embeddable":true,"href":"https:\/\/mufad.org.tr\/en\/wp-json\/wp\/v2\/comments?post=1892"}],"version-history":[{"count":7,"href":"https:\/\/mufad.org.tr\/en\/wp-json\/wp\/v2\/pages\/1892\/revisions"}],"predecessor-version":[{"id":4003,"href":"https:\/\/mufad.org.tr\/en\/wp-json\/wp\/v2\/pages\/1892\/revisions\/4003"}],"wp:attachment":[{"href":"https:\/\/mufad.org.tr\/en\/wp-json\/wp\/v2\/media?parent=1892"}],"curies":[{"name":"wp","href":"https:\/\/api.w.org\/{rel}","templated":true}]}}