{"id":199,"date":"2017-10-02T02:27:49","date_gmt":"2017-10-02T02:27:49","guid":{"rendered":"https:\/\/mufad.org.tr\/\/?page_id=199"},"modified":"2025-01-28T14:14:08","modified_gmt":"2025-01-28T11:14:08","slug":"mufad-hakkinda","status":"publish","type":"page","link":"https:\/\/mufad.org.tr\/en\/mufad-hakkinda","title":{"rendered":"About Us"},"content":{"rendered":"<div class=\"wpb-content-wrapper\"><div style=\"\" class=\"vc_row wpb_row vc_row-fluid vc_custom_1510549832750\"><div class=\"row-inner\"><div class=\"wpb_column vc_column_container vc_col-sm-3\"><div class=\"vc_column-inner\"><div class=\"wpb_wrapper\"><h3 style=\"text-align: left\" class=\"vc_custom_heading vc_do_custom_heading\" >About MUFAD<\/h3><div class=\"vc_empty_space\"   style=\"height: 20px\"><span class=\"vc_empty_space_inner\"><\/span><\/div><\/div><\/div><\/div><div class=\"wpb_column vc_column_container vc_col-sm-9\"><div class=\"vc_column-inner\"><div class=\"wpb_wrapper\">\n\t<div class=\"wpb_text_column wpb_content_element\" >\n\t\t<div class=\"wpb_wrapper\">\n\t\t\t<p>Muhasebe ve Finansman \u00d6\u011fretim \u00dcyeleri Bilim ve Ara\u015ft\u0131rma Derne\u011fi (MUFAD), T\u00fcrkiye \u00fcniversitelerinde g\u00f6rev yapan muhasebe ve finansman \u00f6\u011fretim \u00fcyelerinin derne\u011fi olarak 1998 y\u0131l\u0131n\u0131n sonlar\u0131nda kurulmu\u015ftur. 1999 y\u0131l\u0131ndan 2011 y\u0131l\u0131na kadar kurucu ba\u015fkan rahmetli <strong>Prof. Dr. Oktay G\u00fcvemli<\/strong> \u00f6nderli\u011finde faaliyetlerini s\u00fcrd\u00fcren ve fiziki olarak \u201c<strong>Journal of Accounting and Finance<\/strong>\u201dni yay\u0131mlayan Dernek y\u00f6netim kurulu ba\u015fkanl\u0131\u011f\u0131 2011 y\u0131l\u0131ndan bu yana <strong>Prof. Dr. \u00dcmit G\u00fccenme Gen\u00e7o\u011flu<\/strong> taraf\u0131ndan y\u00fcr\u00fct\u00fclm\u00fc\u015ft\u00fcr. Dernek y\u00f6netim kurulu ve dergi yay\u0131n kurulunun de\u011fi\u015fimini takiben 2011 Nisan say\u0131s\u0131ndan itibaren elektronik dergi olarak yay\u0131mlanmaya ba\u015flam\u0131\u015ft\u0131r. \u00dc\u00e7 ayda bir yay\u0131nlanan Muhasebe ve Finansman Dergisi, TUB\u0130TAK-ULAKB\u0130M (Sosyal Bilimler Veri Taban\u0131), EBSCOhost (Business Source Complete), ASOS Index, Index Copernicus ve \u015eubat 2016\u2019dan bu yana ProQuest veri tabanlar\u0131 taraf\u0131ndan taranmaktad\u0131r. Dergimizin uluslararas\u0131 indekslerin gerektirdi\u011fi ko\u015fullara uygun format i\u00e7inde yay\u0131n yapmas\u0131 prensibi izlenmektedir.<\/p>\n<p>MUFAD aims to be the voice of all academics spread all over the country, to bring them together, to share their work with each other and to strengthen relations with the organizations it organizes. For MUFAD, it is the most important issue to embrace all academics without discrimination, and to announce the developments in the world to the development of accounting and finance science, to faculty members and assistants in a complete and timely manner.<\/p>\n<p>MUFAD, kurulu\u015funu takiben \u00fcniversiteler ve meslek odalar\u0131 ile \u00e7e\u015fitli bilimsel etkinliklerde bulunmaktad\u0131r. Uluslararas\u0131 deneyimi olan kadrolara sahip olan MUFAD, bir\u00e7ok uluslararas\u0131 aktivitede T\u00fcrkiye\u2019yi temsil etmi\u015ftir. Ayr\u0131ca, Edirne\u2019de 2007 y\u0131l\u0131nda Balkan \u00fclkeleri muhasebe ve denetim konferans\u0131n\u0131n organizasyonunu Trakya \u00dcniversitesi ile birlikte \u00fcstlenmi\u015ftir. 2008 y\u0131l\u0131nda Marmara \u00dcniversitesi ve Afyon Kocatepe \u00dcniversitesi\u2019nin katk\u0131lar\u0131 ile 12. D\u00fcnya Muhasebe Tarih\u00e7ileri Kongresi d\u00fczenlenmi\u015ftir. 2010 y\u0131l\u0131nda MUFAD ve Trakya \u00dcniversitesi i\u015fbirli\u011fi ile \u0130stanbul\u2019da \u201c2. Balkanlar ve Ortado\u011fu \u00dclkeleri Denetim ve Muhasebe Tarihi Konferans\u0131\u201d ger\u00e7ekle\u015ftirilmi\u015ftir. Ayr\u0131ca 2012 y\u0131l\u0131ndan itibaren MUFAD taraf\u0131ndan ger\u00e7ekle\u015ftirilen;<\/p>\n<p>Uluslararas\u0131 Muhasebe ve Finans Sempozyumlar\u0131 ve Muhasebe ve Denetim Standartlar\u0131 \u00c7al\u0131\u015ftaylar\u0131 hakk\u0131nda ayr\u0131nt\u0131l\u0131 bilgi Web sayfam\u0131zda \u201c<strong>ETK\u0130NL\u0130KLER\u0130M\u0130Z<\/strong>\u201d ba\u015fl\u0131\u011f\u0131 alt\u0131nda yer almaktad\u0131r.<\/p>\n\n\t\t<\/div>\n\t<\/div>\n<\/div><\/div><\/div><\/div><\/div>\n<\/div>","protected":false},"excerpt":{"rendered":"MUFAD Hakk\u0131nda Muhasebe ve Finansman \u00d6\u011fretim \u00dcyeleri Bilim ve Ara\u015ft\u0131rma Derne\u011fi (MUFAD), T\u00fcrkiye \u00fcniversitelerinde g\u00f6rev yapan muhasebe ve finansman \u00f6\u011fretim \u00fcyelerinin derne\u011fi olarak 1998 y\u0131l\u0131n\u0131n sonlar\u0131nda kurulmu\u015ftur. 1999 y\u0131l\u0131ndan 2011 y\u0131l\u0131na kadar kurucu ba\u015fkan rahmetli Prof. Dr. Oktay G\u00fcvemli \u00f6nderli\u011finde faaliyetlerini s\u00fcrd\u00fcren ve fiziki olarak \u201cMuhasebe ve Finansman Dergisi\u201dni yay\u0131mlayan Dernek y\u00f6netim kurulu ba\u015fkanl\u0131\u011f\u0131 2011 [...]","protected":false},"author":1,"featured_media":0,"parent":0,"menu_order":0,"comment_status":"closed","ping_status":"closed","template":"","meta":{"_acf_changed":false,"_seopress_robots_primary_cat":"","_seopress_titles_title":"","_seopress_titles_desc":"","_seopress_robots_index":"","_seopress_analysis_target_kw":"","footnotes":""},"class_list":["post-199","page","type-page","status-publish","hentry"],"acf":[],"_links":{"self":[{"href":"https:\/\/mufad.org.tr\/en\/wp-json\/wp\/v2\/pages\/199","targetHints":{"allow":["GET"]}}],"collection":[{"href":"https:\/\/mufad.org.tr\/en\/wp-json\/wp\/v2\/pages"}],"about":[{"href":"https:\/\/mufad.org.tr\/en\/wp-json\/wp\/v2\/types\/page"}],"author":[{"embeddable":true,"href":"https:\/\/mufad.org.tr\/en\/wp-json\/wp\/v2\/users\/1"}],"replies":[{"embeddable":true,"href":"https:\/\/mufad.org.tr\/en\/wp-json\/wp\/v2\/comments?post=199"}],"version-history":[{"count":1,"href":"https:\/\/mufad.org.tr\/en\/wp-json\/wp\/v2\/pages\/199\/revisions"}],"predecessor-version":[{"id":3924,"href":"https:\/\/mufad.org.tr\/en\/wp-json\/wp\/v2\/pages\/199\/revisions\/3924"}],"wp:attachment":[{"href":"https:\/\/mufad.org.tr\/en\/wp-json\/wp\/v2\/media?parent=199"}],"curies":[{"name":"wp","href":"https:\/\/api.w.org\/{rel}","templated":true}]}}